{"id":4977,"date":"2021-10-30T23:14:39","date_gmt":"2021-10-30T21:14:39","guid":{"rendered":"http:\/\/weltweit-reisen.ch\/?page_id=4977"},"modified":"2021-11-01T21:37:29","modified_gmt":"2021-11-01T19:37:29","slug":"homem-coitado-e-su-anjo-da-guarda","status":"publish","type":"page","link":"http:\/\/weltweit-reisen.ch\/?page_id=4977","title":{"rendered":"Homem coitado e su anjo da guarda"},"content":{"rendered":"<p>ngg_shortcode_0_placeholderAm 26. Mai 2021 bin ich (homem coitado) aufgebrochen um mit meinem Womo (inzwischen heisst es Liun) definitiv nach Portugal zu ziehen. Aufgeladen auf einen Tieflader, hatte ja noch keine Nummernschilder, mit Leonel am Steuer. Er war am Anfang gar nicht begeistert, setzte man ihm ja zum ersten Mal einen Fremden in sein Fahrerhaus und informiert hatte man ihn auch nicht. Ich hatte das Gl\u00fcck auf einen guten und warmherzigen Menschen zu treffen und schon am 2. Tag haben wir zusammen gesungen und gelacht. Schnell habe ich auch begriffen, dass er f\u00fcr viele seiner Kollegen Anlaufstelle war, wenn sie unterwegs nicht mehr weiterwussten, denn er scheint alles zu wissen was auf Europas Strassen geht und nicht. Das \u00abSorgentelefon\u00bb klingelte auf jeden Fall den ganzen Tag und er half geduldig und kompetent seinen LASO \u2013 Kollegen. Auch mir war Leonel eine unermessliche Hilfe und Schutz, ich weiss nicht was geworden w\u00e4re ohne ihn (anjo da guarda)<\/p>\n<p>Nach 4 Tagen in Porto am Zoll die Hiobsbotschaft, der LKW musste zuerst zur\u00fcck nach Deutschland zum T\u00dcV. Zolltechnisch waren der Leonel, sein Tieflader, mein Womo und ich ein unzertrennliches Gespann, also alle 4 retour in die Schweiz. Der Schweizer Zoll in Gen\u00e8ve wollte alle hereinlassen in die Helvetische Konf\u00f6deration\u2026 ausser das Womo, von dem wollten sie nichts wissen da ich jetzt in Portugal angemeldet war. Gut dann halt direkt nach Deutschland, genauer nach Freiburg im Breisgau, das n\u00e4chstgelegene Zollamt von Womos Geburtsst\u00e4tte, Neuenburg am Rhein. Die hatten noch weniger Verst\u00e4ndnis f\u00fcr mein Problem, wussten aber auch keine L\u00f6sung und ohne L\u00f6sung konnte das Vierergespann nicht entkoppelt werden. Mein Gef\u00fchl sagte mir frag die B\u00e4hnler, viele B\u00e4hnler sind wie Landmaschinenmechaniker, die flicken alles und ich habe Martin Glatz (SBB Cargo) gefragt und der hatte eine L\u00f6sung, innerhalb von 30 Minuten. Martino, mein Riesen Dank gilt auch dir. Wir waren gerettet und Womo und ich sind in Efringen-Kirchen gestrandet und Leonel hat noch kurz einen Mega- Trax in Deutschland geladen und ist wieder nach Portugal zur\u00fcck.<\/p>\n<p>Es ging dabei ja immer um Zolltechnische Probleme, die jetzt in Ruhe gel\u00f6st werden konnten.<\/p>\n<p>&nbsp;<\/p>\n<p>Fortsetzung unter: Landhotel Tanne in Fischingen<\/p>","protected":false},"excerpt":{"rendered":"<p>Am 26. Mai 2021 bin ich (homem coitado) aufgebrochen um mit meinem Womo (inzwischen heisst es Liun) definitiv nach Portugal zu ziehen. Aufgeladen auf einen Tieflader, hatte ja noch keine Nummernschilder, mit Leonel am Steuer. Er war am Anfang gar nicht begeistert, setzte man ihm ja zum ersten Mal einen Fremden in sein Fahrerhaus und [&hellip;]<\/p>\n","protected":false},"author":2,"featured_media":0,"parent":4760,"menu_order":3,"comment_status":"open","ping_status":"closed","template":"","meta":{"ngg_post_thumbnail":0},"_links":{"self":[{"href":"http:\/\/weltweit-reisen.ch\/index.php?rest_route=\/wp\/v2\/pages\/4977"}],"collection":[{"href":"http:\/\/weltweit-reisen.ch\/index.php?rest_route=\/wp\/v2\/pages"}],"about":[{"href":"http:\/\/weltweit-reisen.ch\/index.php?rest_route=\/wp\/v2\/types\/page"}],"author":[{"embeddable":true,"href":"http:\/\/weltweit-reisen.ch\/index.php?rest_route=\/wp\/v2\/users\/2"}],"replies":[{"embeddable":true,"href":"http:\/\/weltweit-reisen.ch\/index.php?rest_route=%2Fwp%2Fv2%2Fcomments&post=4977"}],"version-history":[{"count":9,"href":"http:\/\/weltweit-reisen.ch\/index.php?rest_route=\/wp\/v2\/pages\/4977\/revisions"}],"predecessor-version":[{"id":5105,"href":"http:\/\/weltweit-reisen.ch\/index.php?rest_route=\/wp\/v2\/pages\/4977\/revisions\/5105"}],"up":[{"embeddable":true,"href":"http:\/\/weltweit-reisen.ch\/index.php?rest_route=\/wp\/v2\/pages\/4760"}],"wp:attachment":[{"href":"http:\/\/weltweit-reisen.ch\/index.php?rest_route=%2Fwp%2Fv2%2Fmedia&parent=4977"}],"curies":[{"name":"wp","href":"https:\/\/api.w.org\/{rel}","templated":true}]}}