{"id":5592,"date":"2021-12-15T22:05:43","date_gmt":"2021-12-15T20:05:43","guid":{"rendered":"http:\/\/weltweit-reisen.ch\/?page_id=5592"},"modified":"2021-12-15T22:10:21","modified_gmt":"2021-12-15T20:10:21","slug":"die-hoehle-des-loewen","status":"publish","type":"page","link":"http:\/\/weltweit-reisen.ch\/?page_id=5592","title":{"rendered":"Die H\u00f6hle des L\u00f6wen"},"content":{"rendered":"<p>Da ich mich nun definitiv in Portugal niederlasse und von da aus die Welt erfahren will, habe ich in Moleanos ein sch\u00f6nes St\u00fcck Land gekauft, auch damit ich dem Liun eine H\u00f6hle bieten kann.<br \/>\nMoleanos liegt in der N\u00e4he von Alcoba\u00e7a und ist Steinreich im wahrsten Sinne des Wortes. Der Kalkstein der da abgebaut wird, haupts\u00e4chlich in leichten beige- oder blau\/grau T\u00f6nen, ist in der ganzen Welt verbreitet und beliebt. Nebenbei, der &#8222;Bauschutt&#8220; den ich zur stabilisierung des Untergrunds genommen habe, besteht aus eben diesem Kalkstein.<br \/>\nAuf dem Grundst\u00fcck steht auch eine \u00fcber 100-j\u00e4hrige Eiche, die liegt mir genauso am Herzen wie mein Nachbar Leonel (meu Anjo da guarda).<br \/>\nDer Kauf und die \u00dcberschreibung war in einer Woche geregelt und das Bauprojekt schnell aufgegleist.<br \/>\nMittlerweile ist auch schon die Zufahrt und die Plattform erstellt. Ich baue mir da aber keinen Kalksteinpalast, sondern einfach eine gute Infrastruktur f\u00fcr mein Wohnmobil und viele Str\u00e4ucher, Pflanzen und Gr\u00fcnzeugs.<\/p>\n<p>ngg_shortcode_0_placeholder<\/p>","protected":false},"excerpt":{"rendered":"<p>Da ich mich nun definitiv in Portugal niederlasse und von da aus die Welt erfahren will, habe ich in Moleanos ein sch\u00f6nes St\u00fcck Land gekauft, auch damit ich dem Liun eine H\u00f6hle bieten kann. Moleanos liegt in der N\u00e4he von Alcoba\u00e7a und ist Steinreich im wahrsten Sinne des Wortes. Der Kalkstein der da abgebaut wird, [&hellip;]<\/p>\n","protected":false},"author":2,"featured_media":0,"parent":4760,"menu_order":0,"comment_status":"open","ping_status":"closed","template":"","meta":{"ngg_post_thumbnail":0},"_links":{"self":[{"href":"http:\/\/weltweit-reisen.ch\/index.php?rest_route=\/wp\/v2\/pages\/5592"}],"collection":[{"href":"http:\/\/weltweit-reisen.ch\/index.php?rest_route=\/wp\/v2\/pages"}],"about":[{"href":"http:\/\/weltweit-reisen.ch\/index.php?rest_route=\/wp\/v2\/types\/page"}],"author":[{"embeddable":true,"href":"http:\/\/weltweit-reisen.ch\/index.php?rest_route=\/wp\/v2\/users\/2"}],"replies":[{"embeddable":true,"href":"http:\/\/weltweit-reisen.ch\/index.php?rest_route=%2Fwp%2Fv2%2Fcomments&post=5592"}],"version-history":[{"count":10,"href":"http:\/\/weltweit-reisen.ch\/index.php?rest_route=\/wp\/v2\/pages\/5592\/revisions"}],"predecessor-version":[{"id":5628,"href":"http:\/\/weltweit-reisen.ch\/index.php?rest_route=\/wp\/v2\/pages\/5592\/revisions\/5628"}],"up":[{"embeddable":true,"href":"http:\/\/weltweit-reisen.ch\/index.php?rest_route=\/wp\/v2\/pages\/4760"}],"wp:attachment":[{"href":"http:\/\/weltweit-reisen.ch\/index.php?rest_route=%2Fwp%2Fv2%2Fmedia&parent=5592"}],"curies":[{"name":"wp","href":"https:\/\/api.w.org\/{rel}","templated":true}]}}